{"id":216,"date":"2022-05-30T17:45:00","date_gmt":"2022-05-30T17:45:00","guid":{"rendered":"https:\/\/playgrw.com\/bonus-di-gratowin-2022\/"},"modified":"2022-08-12T10:28:35","modified_gmt":"2022-08-12T10:28:35","slug":"bonus-di-gratowin-2022","status":"publish","type":"page","link":"https:\/\/playgrw.com\/it\/bonus-di-gratowin-2022\/","title":{"rendered":"Bonus di Gratowin 2022"},"content":{"rendered":"\n<p><a href=\"https:\/\/playgrw.com\/it\/\">Gratowin Casino<\/a> \u00e8 uno dei casin\u00f2 pi\u00f9 ricercati dai giocatori di oggi. Diverse migliaia di giocatori provenienti da diversi paesi, principalmente da Francia e Italia, giocano e vincono ogni giorno.<\/p>\n\n<p>Il bonus gratowin ti consente di aumentare le tue possibilit\u00e0 di vincita in modo rapido e senza un grande investimento. Per iniziare, ogni nuovo utente riceve dei bonus di benvenuto che possono essere attivati subito dopo la registrazione.<\/p>\n<div class=\"wp-block-image\">\n<figure class=\"aligncenter size-full\"><img loading=\"lazy\" width=\"676\" height=\"285\" src=\"http:\/\/playgrw.com\/wp-content\/uploads\/2022\/05\/gratowin-promo.jpeg\" alt=\"promozioni da Gratovin\" class=\"wp-image-194\" srcset=\"https:\/\/playgrw.com\/wp-content\/uploads\/2022\/05\/gratowin-promo.jpeg 676w, https:\/\/playgrw.com\/wp-content\/uploads\/2022\/05\/gratowin-promo-300x126.jpeg 300w\" sizes=\"(max-width: 676px) 100vw, 676px\" \/><\/figure><\/div>\n<p>In questa pagina troverai una descrizione delle offerte promozionali in corso per oggi (giugno-luglio 2022).<\/p>\n\n<blockquote class=\"wp-block-quote\"><p>Attenzione! Il gioco d&#8217;azzardo crea dipendenza! Non ti incoraggiamo a giocare!<\/p><\/blockquote>\n\n<h2>Bonus del 100% sul 1\u00b0 deposito<\/h2>\n\n<p>Un bonus iniziale \u00e8 dovuto a ogni nuovo giocatore. Devi essere registrato a <strong>Gratowin Casino<\/strong> per un massimo di 30 giorni (1 mese di calendario) per ricevere questo regalo.<\/p>\n\n<p>I termini e le condizioni del bonus sono semplici. Questi termini e condizioni sono:<\/p>\n\n<ol><li>registrarsi sul sito Web ufficiale del casin\u00f2;<\/li><li>Conferma la tua registrazione via e-mail o SMS;<\/li><li>Accedi al tuo armadietto personale nella sezione &#8220;Cassa&#8221; e clicca su &#8220;Attiva&#8221; sul regalo selezionato. Si aprir\u00e0 quindi una finestra di pagamento e tutto ci\u00f2 che devi fare \u00e8 effettuare un deposito. Successivamente, fai clic su &#8220;Riproduci&#8221;.<\/li><li>Per ricevere i giri gratuiti Gratowin, devi effettuare un deposito una tantum di almeno \u20ac 10.<\/li><\/ol>\n\n<p>L&#8217;importo massimo di questo <strong>premio \u00e8 di \u20ac 200<\/strong> . In altre parole, il tuo primo deposito sar\u00e0 moltiplicato per 2. Bel regalo !<\/p>\n\n<p>Il denaro del bonus verr\u00e0 accreditato sul tuo conto bonus. Nota: il regalo iniziale prevede una scommessa (x50).<\/p>\n\n<p>I dettagli completi delle promozioni e dei bonus attuali possono essere trovati sul sito Web ufficiale del casin\u00f2 nella sezione bonus. Puoi anche leggere le regole per l&#8217;utilizzo dei bonus l\u00ec. Accedi al tuo account e verificalo.<\/p>\n\n<h2>Bonus senza deposito di 7 euro<\/h2>\n\n<p>\u00c8 denaro equo e gratuito al 100%. Nessuna condizione, solo contanti! Gioca a Gratowin Casino gratuitamente con i nostri soldi!<\/p>\n\n<p>c&#8217;\u00e8 una sola regola per attivare questa offerta. Non effettuare un deposito finch\u00e9 non lo hai ricevuto. Prova a giocare a qualsiasi slot machine non programmata. \u00c8 molto semplice e diretto!<\/p>\n\n<p>L&#8217;importo di 7\u20ac sar\u00e0 accreditato sul tuo conto dopo il primo accesso. Divertiti!<\/p>\n\n<blockquote class=\"wp-block-quote\"><p>Attenzione. Se non giochi in euro (altre valute disponibili), il bonus verr\u00e0 automaticamente convertito in questa valuta.<\/p><\/blockquote>\n\n<h2>Rimborso del 20% ogni luned\u00ec<\/h2>\n\n<p>Questa promozione \u00e8 valida per tutti coloro che hanno effettuato almeno un deposito.<\/p>\n\n<p>Il cashback su Gratowin Casino viene calcolato una volta alla settimana. Tiene conto di tutte le tue scommesse e giochi durante i 7 giorni dal luned\u00ec alla domenica (non oltre le 23-59).<\/p>\n\n<p>Questo importo dipende dalla tua attivit\u00e0 e dal tuo stato nel programma VIP.<\/p>\n\n<p>Unisciti a FR <a href=\"https:\/\/playgrw.com\/it\/\" data-type=\"page\" data-id=\"9\">Gratowin<\/a> e vinci con noi!<\/p>\n","protected":false},"excerpt":{"rendered":"<p>Gratowin Casino \u00e8 uno dei casin\u00f2 pi\u00f9 ricercati dai giocatori di oggi. Diverse migliaia di giocatori provenienti da diversi paesi, principalmente da Francia e Italia, giocano e vincono ogni giorno. Il bonus gratowin ti consente di aumentare le tue possibilit\u00e0 di vincita in modo rapido e senza un grande investimento. Per iniziare, ogni nuovo utente &hellip;<\/p>\n","protected":false},"author":1,"featured_media":0,"parent":0,"menu_order":0,"comment_status":"closed","ping_status":"closed","template":"","meta":[],"amp_enabled":true,"_links":{"self":[{"href":"https:\/\/playgrw.com\/it\/wp-json\/wp\/v2\/pages\/216"}],"collection":[{"href":"https:\/\/playgrw.com\/it\/wp-json\/wp\/v2\/pages"}],"about":[{"href":"https:\/\/playgrw.com\/it\/wp-json\/wp\/v2\/types\/page"}],"author":[{"embeddable":true,"href":"https:\/\/playgrw.com\/it\/wp-json\/wp\/v2\/users\/1"}],"replies":[{"embeddable":true,"href":"https:\/\/playgrw.com\/it\/wp-json\/wp\/v2\/comments?post=216"}],"version-history":[{"count":1,"href":"https:\/\/playgrw.com\/it\/wp-json\/wp\/v2\/pages\/216\/revisions"}],"predecessor-version":[{"id":218,"href":"https:\/\/playgrw.com\/it\/wp-json\/wp\/v2\/pages\/216\/revisions\/218"}],"wp:attachment":[{"href":"https:\/\/playgrw.com\/it\/wp-json\/wp\/v2\/media?parent=216"}],"curies":[{"name":"wp","href":"https:\/\/api.w.org\/{rel}","templated":true}]}}